{"id":2205,"date":"2023-12-21T01:37:06","date_gmt":"2023-12-21T01:37:06","guid":{"rendered":"https:\/\/premixportugal.com\/wp\/?page_id=2205"},"modified":"2024-03-15T14:37:52","modified_gmt":"2024-03-15T14:37:52","slug":"bovinos","status":"publish","type":"page","link":"https:\/\/premixportugal.com\/wp\/bovinos\/","title":{"rendered":"Bovinos"},"content":{"rendered":"\t\t<div data-elementor-type=\"wp-page\" data-elementor-id=\"2205\" class=\"elementor elementor-2205\">\n\t\t\t\t<div class=\"elementor-element elementor-element-4338f617 e-con-full e-flex qodef-elementor-content-no e-con e-parent\" data-id=\"4338f617\" data-element_type=\"container\">\n\t\t\t\t<div class=\"elementor-element elementor-element-6412f96 elementor-widget elementor-widget-image\" data-id=\"6412f96\" data-element_type=\"widget\" data-widget_type=\"image.default\">\n\t\t\t\t<div class=\"elementor-widget-container\">\n\t\t\t\t\t\t\t\t\t\t\t\t\t\t\t<img fetchpriority=\"high\" decoding=\"async\" width=\"1920\" height=\"534\" src=\"https:\/\/premixportugal.com\/wp\/wp-content\/uploads\/2023\/12\/header3-e1703265534419.jpg\" class=\"attachment-full size-full wp-image-1414\" alt=\"\" srcset=\"https:\/\/premixportugal.com\/wp\/wp-content\/uploads\/2023\/12\/header3-e1703265534419.jpg 1920w, https:\/\/premixportugal.com\/wp\/wp-content\/uploads\/2023\/12\/header3-e1703265534419-300x83.jpg 300w, https:\/\/premixportugal.com\/wp\/wp-content\/uploads\/2023\/12\/header3-e1703265534419-1024x285.jpg 1024w, https:\/\/premixportugal.com\/wp\/wp-content\/uploads\/2023\/12\/header3-e1703265534419-768x214.jpg 768w, https:\/\/premixportugal.com\/wp\/wp-content\/uploads\/2023\/12\/header3-e1703265534419-1536x427.jpg 1536w\" sizes=\"(max-width: 1920px) 100vw, 1920px\" \/>\t\t\t\t\t\t\t\t\t\t\t\t\t\t\t<\/div>\n\t\t\t\t<\/div>\n\t\t<div class=\"elementor-element elementor-element-2279078 e-con-full e-flex qodef-elementor-content-no e-con e-child\" data-id=\"2279078\" data-element_type=\"container\">\n\t\t\t\t<div class=\"elementor-element elementor-element-2c17af2 elementor-widget elementor-widget-qi_addons_for_elementor_premium_content_menu\" data-id=\"2c17af2\" data-element_type=\"widget\" data-widget_type=\"qi_addons_for_elementor_premium_content_menu.default\">\n\t\t\t\t<div class=\"elementor-widget-container\">\n\t\t\t\t\t<div class=\"qodef-shortcode qodef-m qodef-qi-content-menu qodef-layout--horizontal qodef-menu-item-style--with-active-floating-underline qodef-alignment--center qodef-responsive-breakpoint--768 qodef-reponsive-alignment--left\">\n\t\t\t<span class=\"qodef-content-menu-line\"><\/span>\n\t\t<nav class=\"qodef-content-menu\"><ul id=\"menu-lateral_gama\" class=\"menu\"><li class=\"menu-item menu-item-type-post_type menu-item-object-page menu-item-2211\"><a href=\"https:\/\/premixportugal.com\/wp\/aves\/\"><span class=\"qodef-m-text\">Aves<\/span><\/a><\/li>\n<li class=\"menu-item menu-item-type-post_type menu-item-object-page menu-item-2661\"><a href=\"https:\/\/premixportugal.com\/wp\/bovinos\/\"><span class=\"qodef-m-text\">Bovinos \/ Ovinos \/ Caprinos<\/span><\/a><\/li>\n<li class=\"menu-item menu-item-type-post_type menu-item-object-page menu-item-2492\"><a href=\"https:\/\/premixportugal.com\/wp\/suinos\/\"><span class=\"qodef-m-text\">Su\u00ednos<\/span><\/a><\/li>\n<li class=\"menu-item menu-item-type-post_type menu-item-object-page menu-item-2491\"><a href=\"https:\/\/premixportugal.com\/wp\/cavalos\/\"><span class=\"qodef-m-text\">Cavalos<\/span><\/a><\/li>\n<li class=\"menu-item menu-item-type-post_type menu-item-object-page menu-item-2490\"><a href=\"https:\/\/premixportugal.com\/wp\/coelhos\/\"><span class=\"qodef-m-text\">Coelhos<\/span><\/a><\/li>\n<li class=\"menu-item menu-item-type-post_type menu-item-object-page menu-item-2489\"><a href=\"https:\/\/premixportugal.com\/wp\/peixes\/\"><span class=\"qodef-m-text\">Peixes<\/span><\/a><\/li>\n<li class=\"menu-item menu-item-type-post_type menu-item-object-page menu-item-2488\"><a href=\"https:\/\/premixportugal.com\/wp\/moluscos\/\"><span class=\"qodef-m-text\">Moluscos<\/span><\/a><\/li>\n<li class=\"menu-item menu-item-type-post_type menu-item-object-page menu-item-2487\"><a href=\"https:\/\/premixportugal.com\/wp\/animaiscompanhia\/\"><span class=\"qodef-m-text\">Animais Companhia<\/span><\/a><\/li>\n<li class=\"menu-item menu-item-type-post_type menu-item-object-page menu-item-2486\"><a href=\"https:\/\/premixportugal.com\/wp\/especialidades\/\"><span class=\"qodef-m-text\">Especialidades<\/span><\/a><\/li>\n<\/ul><\/nav><\/div>\n\t\t\t\t<\/div>\n\t\t\t\t<\/div>\n\t\t\t\t<\/div>\n\t\t\t\t<\/div>\n\t\t<div class=\"elementor-element elementor-element-5302fde2 e-con-full e-flex qodef-elementor-content-no e-con e-parent\" data-id=\"5302fde2\" data-element_type=\"container\">\n\t\t<div class=\"elementor-element elementor-element-951e44c e-con-full e-flex qodef-elementor-content-no e-con e-child\" data-id=\"951e44c\" data-element_type=\"container\">\n\t\t<div class=\"elementor-element elementor-element-47a532b5 e-con-full e-transform e-flex qodef-elementor-content-no e-con e-child\" data-id=\"47a532b5\" data-element_type=\"container\" data-settings=\"{&quot;background_background&quot;:&quot;classic&quot;,&quot;_transform_translateX_effect&quot;:{&quot;unit&quot;:&quot;px&quot;,&quot;size&quot;:&quot;&quot;,&quot;sizes&quot;:[]},&quot;_transform_translateX_effect_tablet&quot;:{&quot;unit&quot;:&quot;px&quot;,&quot;size&quot;:&quot;&quot;,&quot;sizes&quot;:[]},&quot;_transform_translateX_effect_mobile&quot;:{&quot;unit&quot;:&quot;px&quot;,&quot;size&quot;:&quot;&quot;,&quot;sizes&quot;:[]},&quot;_transform_translateY_effect&quot;:{&quot;unit&quot;:&quot;px&quot;,&quot;size&quot;:&quot;&quot;,&quot;sizes&quot;:[]},&quot;_transform_translateY_effect_tablet&quot;:{&quot;unit&quot;:&quot;px&quot;,&quot;size&quot;:&quot;&quot;,&quot;sizes&quot;:[]},&quot;_transform_translateY_effect_mobile&quot;:{&quot;unit&quot;:&quot;px&quot;,&quot;size&quot;:&quot;&quot;,&quot;sizes&quot;:[]}}\">\n\t\t\t\t<\/div>\n\t\t<div class=\"elementor-element elementor-element-21d30277 e-con-full e-flex qodef-elementor-content-no e-con e-child\" data-id=\"21d30277\" data-element_type=\"container\">\n\t\t\t\t<div class=\"elementor-element elementor-element-50d0942 elementor-widget elementor-widget-text-editor\" data-id=\"50d0942\" data-element_type=\"widget\" data-widget_type=\"text-editor.default\">\n\t\t\t\t<div class=\"elementor-widget-container\">\n\t\t\t\t\t\t\t\t\t<p>Bovinos, Ovinos e Caprinos<\/p>\t\t\t\t\t\t\t\t<\/div>\n\t\t\t\t<\/div>\n\t\t\t\t<div class=\"elementor-element elementor-element-33c63cb9 elementor-widget elementor-widget-image\" data-id=\"33c63cb9\" data-element_type=\"widget\" data-widget_type=\"image.default\">\n\t\t\t\t<div class=\"elementor-widget-container\">\n\t\t\t\t\t\t\t\t\t\t\t\t\t\t\t<img decoding=\"async\" width=\"1024\" height=\"461\" src=\"https:\/\/premixportugal.com\/wp\/wp-content\/uploads\/2024\/01\/fexp-02-1024x461.jpg\" class=\"attachment-large size-large wp-image-2973\" alt=\"\" srcset=\"https:\/\/premixportugal.com\/wp\/wp-content\/uploads\/2024\/01\/fexp-02-1024x461.jpg 1024w, https:\/\/premixportugal.com\/wp\/wp-content\/uploads\/2024\/01\/fexp-02-300x135.jpg 300w, https:\/\/premixportugal.com\/wp\/wp-content\/uploads\/2024\/01\/fexp-02-768x346.jpg 768w, https:\/\/premixportugal.com\/wp\/wp-content\/uploads\/2024\/01\/fexp-02.jpg 1251w\" sizes=\"(max-width: 1024px) 100vw, 1024px\" \/>\t\t\t\t\t\t\t\t\t\t\t\t\t\t\t<\/div>\n\t\t\t\t<\/div>\n\t\t\t\t<\/div>\n\t\t\t\t<\/div>\n\t\t\t\t<\/div>\n\t\t<div class=\"elementor-element elementor-element-7e6ed32f e-con-full e-flex qodef-elementor-content-no e-con e-parent\" data-id=\"7e6ed32f\" data-element_type=\"container\">\n\t\t<div class=\"elementor-element elementor-element-5e514972 e-con-full e-flex qodef-elementor-content-no e-con e-child\" data-id=\"5e514972\" data-element_type=\"container\">\n\t\t\t\t<\/div>\n\t\t<div class=\"elementor-element elementor-element-4ecc5fba e-con-full e-flex qodef-elementor-content-no e-con e-child\" data-id=\"4ecc5fba\" data-element_type=\"container\">\n\t\t\t\t<div class=\"elementor-element elementor-element-7328d82b elementor-widget elementor-widget-text-editor\" data-id=\"7328d82b\" data-element_type=\"widget\" data-widget_type=\"text-editor.default\">\n\t\t\t\t<div class=\"elementor-widget-container\">\n\t\t\t\t\t\t\t\t\t<p><strong>1. Premisturas \u00aeBVOmix \u2013 OVOmix &#8211; CVOMIX<\/strong><br \/><strong>2. Complementos<\/strong><\/p><p><span style=\"color: #fe8000;\">BVO 410<\/span><br \/>Premistura de vitaminas, oligoelementos e minerais para Vitelos<\/p><p><span style=\"color: #fe8000;\">BVOM 401<\/span><br \/>Vitelmix 4% de vitaminas, oligoelementos e minerais, especial desmame vitelos<\/p><p><span style=\"color: #fe8000;\">BVOM 420<\/span><br \/>Premistura de vitaminas, oligoelementos e minerais para vacas leiteiras 4%<\/p><p><span style=\"color: #fe8000;\">BVOM 430<\/span><br \/>Premistura de vitaminas, oligoelementos e minerais para bovinos engorda 4%<\/p><p><span style=\"color: #fe8000;\">OVOM 210<\/span><br \/>Premistura de vitaminas, oligoelementos e minerais para ovinos<\/p><p><span style=\"color: #fe8000;\">CVOM 210<\/span><br \/>Premistura de vitaminas, oligoelementos e minerias para caprinos<\/p><p><strong>3. Alimentos Complementares<\/strong><\/p><p><span style=\"color: #fe8000;\">Vitelvit<\/span><br \/>Alimento complementar para a fase pr\u00e9 e p\u00f3s desmame sem problemas<\/p><p><span style=\"color: #fe8000;\">BVO P\/11 20\/98Q<\/span><br \/>Premistura de vitaminas, oligoelementos e minerais para vacas leiteiras- complemento prote\u00edna<\/p><p><strong>3.0 &#8211; Premisturas Bovinos Geral<\/strong><\/p><p><span style=\"color: #fe8000;\">BV 10<\/span><br \/>Vitaminas 0,1%<\/p><p><span style=\"color: #fe8000;\">BO 10<\/span><br \/>Oligoelementos 0,1%<\/p><p><strong>3.1 &#8211; Premisturas Vitelos e Novilhos<\/strong><\/p><p><span style=\"color: #fe8000;\">BVO 01ST<\/span><br \/>Starter Bovinos 0,2%<\/p><p><span style=\"color: #fe8000;\">BVO 10<\/span><br \/>Vitaminas e oligoelementos 0,5%<\/p><p><span style=\"color: #fe8000;\">BVO 10DYP<\/span><br \/>Vitaminas e oligoelementos especial carne de qualidade 0,5%<\/p><p><span style=\"color: #fe8000;\">BVOM 501\/50<\/span><br \/>Vitaminas e oligoelementos especial ra\u00e7as aut\u00f3ctonas 5%<\/p><p><strong>3.2- Premisturas Vacas Leiteiras<\/strong><\/p><p><span style=\"color: #fe8000;\">BVOM 501\/50<\/span><br \/>Vitaminas e oligoelementos especial ra\u00e7as aut\u00f3ctonas 5%<\/p><p><span style=\"color: #fe8000;\">BVO 25SL<\/span><br \/>Vitaminas e oligoelementos, especial leite 0,5%<\/p><p><span style=\"color: #fe8000;\">BVO 20\/98Q<\/span><br \/>Vitaminas e oligoelementos parcialmente quelatados 0,2%<\/p><p><span style=\"color: #fe8000;\">BVO 20\/2<\/span><br \/>Vitaminas, oligoelementos, novilhas e vacas secas 0,2%<\/p><p><span style=\"color: #fe8000;\">BVO 20\/2\/2<\/span><br \/>Vitaminas, oligoelementos, vacas secas pr\u00e9-gesta\u00e7\u00e3o 0,2%<\/p><p><span style=\"color: #fe8000;\">BVO 20 MYYQA<\/span><br \/>Vitaminas, oligoelementos, especial alta produ\u00e7\u00e3o 1%<\/p>\t\t\t\t\t\t\t\t<\/div>\n\t\t\t\t<\/div>\n\t\t\t\t<\/div>\n\t\t<div class=\"elementor-element elementor-element-4be2af2a e-con-full e-flex qodef-elementor-content-no e-con e-child\" data-id=\"4be2af2a\" data-element_type=\"container\">\n\t\t\t\t<div class=\"elementor-element elementor-element-6373ed74 elementor-widget elementor-widget-text-editor\" data-id=\"6373ed74\" data-element_type=\"widget\" data-widget_type=\"text-editor.default\">\n\t\t\t\t<div class=\"elementor-widget-container\">\n\t\t\t\t\t\t\t\t\t<p><strong>3.3.- Premisturas Bovinos Engorda<\/strong><\/p><p><span style=\"color: #fe8000;\">BVO 30<\/span><br \/>Vitaminas e oligoelementos 0,2%<\/p><p><span style=\"color: #fe8000;\">Rapidbif<\/span><br \/>Vitaminas, oligoelementos e, especial carca\u00e7a de qualidade 1%<\/p><p><span style=\"color: #fe8000;\">BVO 30\/2<\/span><br \/>Vitaminas, oligoelementos, acabamento 0,2%<\/p><p><strong>3.4.- Premisturas Bovinos Reprodu\u00e7\u00e3o<\/strong><\/p><p><span style=\"color: #fe8000;\">BVO 40<\/span><br \/>Vitaminas e oligoelementos, touros de cobri\u00e7\u00e3o 0,2%<\/p><p><strong>3.5. Pr\u00e9misturas para ovinos<\/strong><\/p><p><span style=\"color: #fe8000;\">OVO 005<\/span> <br \/>Vitaminas, oligoelementos para borregos<\/p><p><span style=\"color: #fe8000;\">OVO 10<\/span><br \/>Vitaminas, oligoelementos para ovelhas<\/p><p><strong>3.6 Premisturas para caprinos<\/strong><\/p><p><span style=\"color: #fe8000;\">CVO 10<\/span><br \/>Vitaminas, oligoelementos para cabritos e cabras<\/p><p><strong>4. Complementos Nutricionais (S N)<\/strong><\/p><p><span style=\"color: #fe8000;\">Elychoc Vitelos<\/span><br \/>Complemento alimentar electr\u00f3litos e equilibrados<\/p><p><span style=\"color: #fe8000;\">Vitels\u00e3o<\/span><br \/>Vitelos &#8211; Cuidados alimentares a volta do stress do transporte, e.o. stress<\/p><p><span style=\"color: #fe8000;\">Fertivaca<\/span><br \/>Para uma cobri\u00e7\u00e3o certa e segura das vacas<\/p><p><span style=\"color: #fe8000;\">Miquivaca<\/span><br \/>Vacas Pr\u00e9-Parto &#8211; Balan\u00e7o Cati\u00f5es-Ani\u00f5es certo<\/p><p><span style=\"color: #fe8000;\">MMA-Prevem<\/span><br \/>Preven\u00e7\u00e3o Mamites, Metritis no in\u00edcio da lacta\u00e7\u00e3o<\/p><p><span style=\"color: #fe8000;\">TOP VIT Leite<\/span><br \/>Complemento alimentar para vacas com produ\u00e7\u00e3o top<\/p><p><span style=\"color: #fe8000;\">Omnical<\/span><br \/>Complemento alimentar de vitaminas e minerais especial C\u00e1lcio dispon\u00edvel ap\u00f3s parto<\/p><p><span style=\"color: #fe8000;\">Omniminavita<\/span><br \/>Complemento alimentar vitam\u00ednico com oligoelementos geral (10g.\/dia)<\/p><p><span style=\"color: #fe8000;\">Omniminavita com fosfato<\/span><br \/>Complemento alimentar vitam\u00ednico com oligoelementos e minerais geral (60g.\/dia)<\/p><p><span style=\"color: #fe8000;\">Pousamix 0,5%<\/span><br \/>Novilhos e Bovinos sossegados<\/p><p><span style=\"color: #fe8000;\">E.C. Bovinos 0,2%<\/span><br \/>Carca\u00e7as excelentes e carne de qualidade<\/p>\t\t\t\t\t\t\t\t<\/div>\n\t\t\t\t<\/div>\n\t\t\t\t<\/div>\n\t\t\t\t<\/div>\n\t\t<div class=\"elementor-element elementor-element-5ea0ac1e e-con-full e-flex qodef-elementor-content-no e-con e-parent\" data-id=\"5ea0ac1e\" data-element_type=\"container\">\n\t\t<div class=\"elementor-element elementor-element-5f229890 e-con-full e-flex qodef-elementor-content-no e-con e-child\" data-id=\"5f229890\" data-element_type=\"container\">\n\t\t<div class=\"elementor-element elementor-element-3a13fae3 e-con-full e-flex qodef-elementor-content-no e-con e-child\" data-id=\"3a13fae3\" data-element_type=\"container\">\n\t\t\t\t<div class=\"elementor-element elementor-element-45d873d8 elementor-widget-divider--view-line elementor-widget elementor-widget-divider\" data-id=\"45d873d8\" data-element_type=\"widget\" data-widget_type=\"divider.default\">\n\t\t\t\t<div class=\"elementor-widget-container\">\n\t\t\t\t\t\t\t<div class=\"elementor-divider\">\n\t\t\t<span class=\"elementor-divider-separator\">\n\t\t\t\t\t\t<\/span>\n\t\t<\/div>\n\t\t\t\t\t\t<\/div>\n\t\t\t\t<\/div>\n\t\t\t\t<\/div>\n\t\t<div class=\"elementor-element elementor-element-772fe844 e-con-full e-flex qodef-elementor-content-no e-con e-child\" data-id=\"772fe844\" data-element_type=\"container\">\n\t\t\t\t<div class=\"elementor-element elementor-element-6bc2a40f elementor-widget elementor-widget-image\" data-id=\"6bc2a40f\" data-element_type=\"widget\" data-widget_type=\"image.default\">\n\t\t\t\t<div class=\"elementor-widget-container\">\n\t\t\t\t\t\t\t\t\t\t\t\t\t\t\t<img decoding=\"async\" width=\"390\" height=\"86\" src=\"https:\/\/premixportugal.com\/wp\/wp-content\/uploads\/2023\/12\/logotipo_premix.jpg\" class=\"attachment-large size-large wp-image-1443\" alt=\"\" srcset=\"https:\/\/premixportugal.com\/wp\/wp-content\/uploads\/2023\/12\/logotipo_premix.jpg 390w, https:\/\/premixportugal.com\/wp\/wp-content\/uploads\/2023\/12\/logotipo_premix-300x66.jpg 300w\" sizes=\"(max-width: 390px) 100vw, 390px\" \/>\t\t\t\t\t\t\t\t\t\t\t\t\t\t\t<\/div>\n\t\t\t\t<\/div>\n\t\t\t\t<\/div>\n\t\t<div class=\"elementor-element elementor-element-43d4a239 e-con-full e-flex qodef-elementor-content-no e-con e-child\" data-id=\"43d4a239\" data-element_type=\"container\">\n\t\t\t\t<div class=\"elementor-element elementor-element-a1d6684 elementor-widget elementor-widget-text-editor\" data-id=\"a1d6684\" data-element_type=\"widget\" data-widget_type=\"text-editor.default\">\n\t\t\t\t<div class=\"elementor-widget-container\">\n\t\t\t\t\t\t\t\t\t<p><a href=\"mailto:premix@premixportugal.com\">premix@premixportugal.com<\/a><br \/><a style=\"background-color: #ffffff;\" href=\"https:\/\/www.livroreclamacoes.pt\/Inicio\/\" target=\"_blank\" rel=\"noopener\">Livro de Reclama\u00e7\u00f5es<\/a><br \/><a style=\"background-color: #ffffff;\" href=\"https:\/\/premixportugal.com\/wp\/politica-de-cookies-ue\/\">Cookie Policy (EU)<\/a><\/p>\t\t\t\t\t\t\t\t<\/div>\n\t\t\t\t<\/div>\n\t\t\t\t<\/div>\n\t\t<div class=\"elementor-element elementor-element-7f13d142 e-con-full e-flex qodef-elementor-content-no e-con e-child\" data-id=\"7f13d142\" data-element_type=\"container\">\n\t\t\t\t<div class=\"elementor-element elementor-element-99b2446 elementor-widget elementor-widget-text-editor\" data-id=\"99b2446\" data-element_type=\"widget\" data-widget_type=\"text-editor.default\">\n\t\t\t\t<div class=\"elementor-widget-container\">\n\t\t\t\t\t\t\t\t\t<p>Parque Industrial II \u2013 Neiva<br \/>4935-232 VIANA DO CASTELO<br \/>\u00a9 2023 Premix Portugal<\/p>\t\t\t\t\t\t\t\t<\/div>\n\t\t\t\t<\/div>\n\t\t\t\t<\/div>\n\t\t\t\t<\/div>\n\t\t\t\t<\/div>\n\t\t\t\t<\/div>\n\t\t","protected":false},"excerpt":{"rendered":"<p>Aves Bovinos \/ Ovinos \/ Caprinos Su\u00ednos Cavalos Coelhos Peixes Moluscos Animais Companhia Especialidades Bovinos, Ovinos e Caprinos 1. Premisturas \u00aeBVOmix \u2013 OVOmix &#8211; CVOMIX2. Complementos BVO 410Premistura de vitaminas, oligoelementos e minerais para Vitelos BVOM 401Vitelmix 4% de vitaminas, oligoelementos e minerais, especial desmame vitelos BVOM 420Premistura de vitaminas, oligoelementos e minerais para vacas [&hellip;]<\/p>\n","protected":false},"author":1,"featured_media":0,"parent":0,"menu_order":0,"comment_status":"closed","ping_status":"closed","template":"qi-full-width.php","meta":{"footnotes":""},"class_list":["post-2205","page","type-page","status-publish","hentry"],"_links":{"self":[{"href":"https:\/\/premixportugal.com\/wp\/wp-json\/wp\/v2\/pages\/2205","targetHints":{"allow":["GET"]}}],"collection":[{"href":"https:\/\/premixportugal.com\/wp\/wp-json\/wp\/v2\/pages"}],"about":[{"href":"https:\/\/premixportugal.com\/wp\/wp-json\/wp\/v2\/types\/page"}],"author":[{"embeddable":true,"href":"https:\/\/premixportugal.com\/wp\/wp-json\/wp\/v2\/users\/1"}],"replies":[{"embeddable":true,"href":"https:\/\/premixportugal.com\/wp\/wp-json\/wp\/v2\/comments?post=2205"}],"version-history":[{"count":45,"href":"https:\/\/premixportugal.com\/wp\/wp-json\/wp\/v2\/pages\/2205\/revisions"}],"predecessor-version":[{"id":3407,"href":"https:\/\/premixportugal.com\/wp\/wp-json\/wp\/v2\/pages\/2205\/revisions\/3407"}],"wp:attachment":[{"href":"https:\/\/premixportugal.com\/wp\/wp-json\/wp\/v2\/media?parent=2205"}],"curies":[{"name":"wp","href":"https:\/\/api.w.org\/{rel}","templated":true}]}}